{"id":110,"date":"2022-04-06T02:29:08","date_gmt":"2022-04-06T02:29:08","guid":{"rendered":"https:\/\/www.pomponradar.com\/?page_id=110"},"modified":"2023-05-11T03:29:23","modified_gmt":"2023-05-11T03:29:23","slug":"formation-le-tdah-une-force-a-reequilibrer","status":"publish","type":"page","link":"https:\/\/www.pomponradar.com\/index.php\/formation-le-tdah-une-force-a-reequilibrer\/","title":{"rendered":"Formation Le TDAH, une force \u00e0 r\u00e9\u00e9quilibrer"},"content":{"rendered":"\n<h2>Formation de 2h en ligne<\/h2>\n\n\n\n<p>En cliquant sur le lien ci-dessous, vous obtiendrez un lien personnalis\u00e9 vers la formation pouvant \u00eatre utilis\u00e9 sur tous vos appareils. Ce lien est valide pour une p\u00e9riode de 3 semaines.<\/p>\n\n\n\n<p><strong>Combien souhaitez-vous payer pour la formation et le soutien \u00e0 la recherche ind\u00e9pendante ?<\/strong><\/p>\n\n\n\n<p class=\"has-small-font-size\">Nous proposons ce cours avec la possibilit\u00e9 de s\u00e9lectionner le montant que vous souhaitez payer. Peu importe combien vous payez, vous aurez le m\u00eame cours que tout le monde. Nous esp\u00e9rons simplement que les gens sont honn\u00eates et soutiendront l&rsquo;auteur du cours avec tout ce qu&rsquo;ils peuvent se permettre afin de soutenir son travail comme chercheur ind\u00e9pendant.<\/p>\n\n\n\n<div class=\"is-layout-flex wp-container-4 wp-block-columns\">\n<div class=\"is-layout-flow wp-block-column\">\n<p><a href=\"https:\/\/checkout.square.site\/merchant\/PZ653EEAY1YF9\/checkout\/PGP7CRAEOE5RHDECGPM73HZU\" target=\"_blank\" rel=\"noreferrer noopener\">$39<\/a><\/p>\n<\/div>\n\n\n\n<div class=\"is-layout-flow wp-block-column\">\n<p><a href=\"https:\/\/checkout.square.site\/merchant\/PZ653EEAY1YF9\/checkout\/EC3YDU3J6NVERWMFXEVNJU2X\" target=\"_blank\" rel=\"noreferrer noopener\">$50<\/a><\/p>\n<\/div>\n\n\n\n<div class=\"is-layout-flow wp-block-column\">\n<p><a href=\"https:\/\/checkout.square.site\/merchant\/PZ653EEAY1YF9\/checkout\/2N4TNT2C47PNUKHSOUIWNCB6\" target=\"_blank\" rel=\"noreferrer noopener\">$65<\/a><\/p>\n<\/div>\n<\/div>\n\n\n\n<p class=\"has-small-font-size\">Merci de ne pas partager le lien personnalis\u00e9 que vous recevrez afin de respecter le travail investi et d&rsquo;encourager la recherche ind\u00e9pendante.<\/p>\n\n\n\n<p>.<\/p>\n\n\n\n<p><strong><u>Le TDAH, une force \u00e0 r\u00e9\u00e9quilibrer.<\/u><\/strong><\/p>\n\n\n\n<p><strong><u>Une nouvelle fa\u00e7on de penser le TDAH et d\u2019aborder l\u2019intervention chez l\u2019enfant. Diane Dulude, Ph.D., psychologue.<\/u><\/strong> <\/p>\n\n\n\n<p>On renverse ici l&rsquo;id\u00e9e re\u00e7ue selon laquelle le profil TDAH est un handicap. Cette formation fond\u00e9e sur une grande exp\u00e9rience clinique et solidement ancr\u00e9e dans la recherche scientifique vous donne les moyens d&rsquo;accompagner positivement le jeune pour qu&rsquo;il apprenne \u00e0 tirer profit de son TDAH plut\u00f4t qu&rsquo;en \u00eatre esclave<\/p>\n\n\n\n<p>En voici un extrait:<\/p>\n\n\n\n<figure class=\"wp-block-video\"><video controls src=\"https:\/\/bah.qwertyuiop.ca\/diane\/video\/formation-pour-tous-2h-extrait-2.mp4\"><\/video><figcaption>Le TDAH, une force \u00e0 r\u00e9\u00e9quilibrer<\/figcaption><\/figure>\n","protected":false},"excerpt":{"rendered":"<p>Formation de 2h en ligne En cliquant sur le lien ci-dessous, vous obtiendrez un lien personnalis\u00e9 vers la formation pouvant \u00eatre utilis\u00e9 sur tous vos appareils. Ce lien est valide pour une p\u00e9riode de 3 semaines. Combien souhaitez-vous payer pour la formation et le soutien \u00e0 la recherche ind\u00e9pendante ? Nous proposons ce cours avec [&hellip;]<\/p>\n","protected":false},"author":1,"featured_media":0,"parent":0,"menu_order":0,"comment_status":"closed","ping_status":"closed","template":"","meta":[],"_links":{"self":[{"href":"https:\/\/www.pomponradar.com\/index.php\/wp-json\/wp\/v2\/pages\/110"}],"collection":[{"href":"https:\/\/www.pomponradar.com\/index.php\/wp-json\/wp\/v2\/pages"}],"about":[{"href":"https:\/\/www.pomponradar.com\/index.php\/wp-json\/wp\/v2\/types\/page"}],"author":[{"embeddable":true,"href":"https:\/\/www.pomponradar.com\/index.php\/wp-json\/wp\/v2\/users\/1"}],"replies":[{"embeddable":true,"href":"https:\/\/www.pomponradar.com\/index.php\/wp-json\/wp\/v2\/comments?post=110"}],"version-history":[{"count":9,"href":"https:\/\/www.pomponradar.com\/index.php\/wp-json\/wp\/v2\/pages\/110\/revisions"}],"predecessor-version":[{"id":212,"href":"https:\/\/www.pomponradar.com\/index.php\/wp-json\/wp\/v2\/pages\/110\/revisions\/212"}],"wp:attachment":[{"href":"https:\/\/www.pomponradar.com\/index.php\/wp-json\/wp\/v2\/media?parent=110"}],"curies":[{"name":"wp","href":"https:\/\/api.w.org\/{rel}","templated":true}]}}