{"id":56,"date":"2020-08-16T01:01:02","date_gmt":"2020-08-16T01:01:02","guid":{"rendered":"https:\/\/www.pomponradar.com\/?page_id=56"},"modified":"2023-05-11T02:48:45","modified_gmt":"2023-05-11T02:48:45","slug":"livre-le-tdah-une-force-a-reequilibrer","status":"publish","type":"page","link":"https:\/\/www.pomponradar.com\/index.php\/livre-le-tdah-une-force-a-reequilibrer\/","title":{"rendered":"Le TDAH, une force \u00e0 r\u00e9\u00e9quilibrer"},"content":{"rendered":"\n<div class=\"wp-block-image\"><figure class=\"aligncenter\"><img decoding=\"async\" src=\"https:\/\/www.editionsmileo.com\/wp-content\/uploads\/2020\/06\/couvertureTDAH-DD-1.jpg\" alt=\"This image has an empty alt attribute; its file name is couvertureTDAH-DD-1.jpg\"\/><\/figure><\/div>\n\n\n\n<h4><a href=\"https:\/\/www.editionscram.com\/editions\/catalogue\/item\/le-tda-h-une-force-a-reequilibrer\/295\">\u00c9ditions du CRAM<\/a><\/h4>\n\n\n\n<h4>Achat en ligne du livre Le TDAH, une force \u00e0 r\u00e9\u00e9quilibrer<\/h4>\n\n\n\n<p><strong>Utilisez un des liens ci-dessous pour paiement par carte de cr\u00e9dit via Square:<\/strong><\/p>\n\n\n\n<ul><li><strong><em><span style=\"color:#00ff00\" class=\"has-inline-color\">CANADA: <\/span><\/em><a href=\"https:\/\/checkout.square.site\/merchant\/PZ653EEAY1YF9\/checkout\/7I3XATJULL5YB7FKYWFT4B2W\">Achat du livre pour exp\u00e9dition au Canada: $24.95 plus $6.00 pour les frais d\u2019exp\u00e9dition<\/a><\/strong><\/li><\/ul>\n\n\n\n<ul><li><span style=\"color:#00ff00\" class=\"has-inline-color\"><strong><em>INTERNATIONAL<\/em>:<\/strong> <\/span><strong><a href=\"https:\/\/checkout.square.site\/merchant\/PZ653EEAY1YF9\/checkout\/MHHVXMYQSOETQ5OYDRSRQZFT\">Achat du livre pour exp\u00e9dition \u00e0 l\u2019internationale: $24.95 plus $16.00 pour les frais d\u2019exp\u00e9dition<\/a><\/strong><\/li><\/ul>\n\n\n\n<p><\/p>\n","protected":false},"excerpt":{"rendered":"<p>\u00c9ditions du CRAM Achat en ligne du livre Le TDAH, une force \u00e0 r\u00e9\u00e9quilibrer Utilisez un des liens ci-dessous pour paiement par carte de cr\u00e9dit via Square: CANADA: Achat du livre pour exp\u00e9dition au Canada: $24.95 plus $6.00 pour les frais d\u2019exp\u00e9dition INTERNATIONAL: Achat du livre pour exp\u00e9dition \u00e0 l\u2019internationale: $24.95 plus $16.00 pour les [&hellip;]<\/p>\n","protected":false},"author":1,"featured_media":0,"parent":0,"menu_order":0,"comment_status":"closed","ping_status":"closed","template":"","meta":[],"_links":{"self":[{"href":"https:\/\/www.pomponradar.com\/index.php\/wp-json\/wp\/v2\/pages\/56"}],"collection":[{"href":"https:\/\/www.pomponradar.com\/index.php\/wp-json\/wp\/v2\/pages"}],"about":[{"href":"https:\/\/www.pomponradar.com\/index.php\/wp-json\/wp\/v2\/types\/page"}],"author":[{"embeddable":true,"href":"https:\/\/www.pomponradar.com\/index.php\/wp-json\/wp\/v2\/users\/1"}],"replies":[{"embeddable":true,"href":"https:\/\/www.pomponradar.com\/index.php\/wp-json\/wp\/v2\/comments?post=56"}],"version-history":[{"count":11,"href":"https:\/\/www.pomponradar.com\/index.php\/wp-json\/wp\/v2\/pages\/56\/revisions"}],"predecessor-version":[{"id":197,"href":"https:\/\/www.pomponradar.com\/index.php\/wp-json\/wp\/v2\/pages\/56\/revisions\/197"}],"wp:attachment":[{"href":"https:\/\/www.pomponradar.com\/index.php\/wp-json\/wp\/v2\/media?parent=56"}],"curies":[{"name":"wp","href":"https:\/\/api.w.org\/{rel}","templated":true}]}}