{"id":57,"date":"2020-08-16T00:59:09","date_gmt":"2020-08-16T00:59:09","guid":{"rendered":"https:\/\/www.pomponradar.com\/?page_id=57"},"modified":"2023-05-11T03:14:20","modified_gmt":"2023-05-11T03:14:20","slug":"livre-pompon-radar","status":"publish","type":"page","link":"https:\/\/www.pomponradar.com\/index.php\/livre-pompon-radar\/","title":{"rendered":"Pompon Radar"},"content":{"rendered":"\n<h3 class=\"has-text-align-center\">Aider&nbsp; \u00ab&nbsp;Pompon radar&nbsp;\u00bb \u00e0 tirer profit de qui il est!<\/h3>\n\n\n\n<h3 class=\"has-text-align-center\">Livre imag\u00e9 en vente maintenant!<\/h3>\n\n\n\n<div class=\"wp-block-image\"><figure class=\"aligncenter\"><img decoding=\"async\" loading=\"lazy\" width=\"682\" height=\"1024\" src=\"https:\/\/www.pomponradar.com\/wp-content\/uploads\/2020\/06\/Couvert-avant-682x1024.jpg\" alt=\"\" class=\"wp-image-25\" srcset=\"https:\/\/www.pomponradar.com\/wp-content\/uploads\/2020\/06\/Couvert-avant-682x1024.jpg 682w, https:\/\/www.pomponradar.com\/wp-content\/uploads\/2020\/06\/Couvert-avant-200x300.jpg 200w, https:\/\/www.pomponradar.com\/wp-content\/uploads\/2020\/06\/Couvert-avant-768x1153.jpg 768w, https:\/\/www.pomponradar.com\/wp-content\/uploads\/2020\/06\/Couvert-avant-1568x2355.jpg 1568w, https:\/\/www.pomponradar.com\/wp-content\/uploads\/2020\/06\/Couvert-avant.jpg 1799w\" sizes=\"(max-width: 682px) 100vw, 682px\" \/><\/figure><\/div>\n\n\n\n<h2>Achat en ligne du livre Pompon Radar<\/h2>\n\n\n\n<p><strong>Utilisez un des liens ci-dessous pour paiement par carte de cr\u00e9dit via Square:<\/strong><\/p>\n\n\n\n<div class=\"is-layout-flow wp-block-group\"><div class=\"wp-block-group__inner-container\">\n<ul><li><span style=\"color:#00ff00\" class=\"has-inline-color\"><strong><em>CANADA<\/em>:<\/strong> <\/span><strong><a href=\"https:\/\/checkout.square.site\/merchant\/PZ653EEAY1YF9\/checkout\/7UMROSA5T4NAR3DWAWC3XSER\">Achat du livre pour exp\u00e9dition au Canada: $26.95 plus $6.00 pour les frais d&rsquo;exp\u00e9dition<\/a><\/strong><\/li><\/ul>\n\n\n\n<ul><li><strong><span style=\"color:#00ff00\" class=\"has-inline-color\"><em>INTERNATIONAL<\/em>: <\/span><a href=\"https:\/\/checkout.square.site\/merchant\/PZ653EEAY1YF9\/checkout\/FFCATA2NP56CBNCJZUQGJAP7\">Achat du livre pour exp\u00e9dition \u00e0 l&rsquo;international: $26.95 plus $14.00 pour les frais d&rsquo;exp\u00e9dition<\/a><\/strong><\/li><\/ul>\n<\/div><\/div>\n\n\n\n<div class=\"is-layout-flow wp-block-group\"><div class=\"wp-block-group__inner-container\"><\/div><\/div>\n\n\n\n<h2>Quelques extraits&#8230;<\/h2>\n\n\n\n<div class=\"wp-block-image\"><figure class=\"aligncenter\"><img decoding=\"async\" loading=\"lazy\" width=\"683\" height=\"1024\" src=\"https:\/\/www.pomponradar.com\/wp-content\/uploads\/2020\/06\/TdesM-683x1024.jpg\" alt=\"\" class=\"wp-image-26\" srcset=\"https:\/\/www.pomponradar.com\/wp-content\/uploads\/2020\/06\/TdesM-683x1024.jpg 683w, https:\/\/www.pomponradar.com\/wp-content\/uploads\/2020\/06\/TdesM-200x300.jpg 200w, https:\/\/www.pomponradar.com\/wp-content\/uploads\/2020\/06\/TdesM-768x1152.jpg 768w, https:\/\/www.pomponradar.com\/wp-content\/uploads\/2020\/06\/TdesM-1568x2352.jpg 1568w, https:\/\/www.pomponradar.com\/wp-content\/uploads\/2020\/06\/TdesM.jpg 1800w\" sizes=\"(max-width: 683px) 100vw, 683px\" \/><\/figure><\/div>\n\n\n\n<div class=\"wp-block-image\"><figure class=\"aligncenter\"><img decoding=\"async\" loading=\"lazy\" width=\"683\" height=\"1024\" src=\"https:\/\/www.pomponradar.com\/wp-content\/uploads\/2020\/06\/page_10-683x1024.jpg\" alt=\"\" class=\"wp-image-27\" srcset=\"https:\/\/www.pomponradar.com\/wp-content\/uploads\/2020\/06\/page_10-683x1024.jpg 683w, https:\/\/www.pomponradar.com\/wp-content\/uploads\/2020\/06\/page_10-200x300.jpg 200w, https:\/\/www.pomponradar.com\/wp-content\/uploads\/2020\/06\/page_10-768x1152.jpg 768w, https:\/\/www.pomponradar.com\/wp-content\/uploads\/2020\/06\/page_10-1568x2352.jpg 1568w, https:\/\/www.pomponradar.com\/wp-content\/uploads\/2020\/06\/page_10.jpg 1800w\" sizes=\"(max-width: 683px) 100vw, 683px\" \/><\/figure><\/div>\n\n\n\n<div class=\"wp-block-image\"><figure class=\"aligncenter\"><img decoding=\"async\" loading=\"lazy\" width=\"683\" height=\"1024\" src=\"https:\/\/www.pomponradar.com\/wp-content\/uploads\/2020\/06\/page_11-683x1024.jpg\" alt=\"\" class=\"wp-image-28\" srcset=\"https:\/\/www.pomponradar.com\/wp-content\/uploads\/2020\/06\/page_11-683x1024.jpg 683w, https:\/\/www.pomponradar.com\/wp-content\/uploads\/2020\/06\/page_11-200x300.jpg 200w, https:\/\/www.pomponradar.com\/wp-content\/uploads\/2020\/06\/page_11-768x1152.jpg 768w, https:\/\/www.pomponradar.com\/wp-content\/uploads\/2020\/06\/page_11-1568x2352.jpg 1568w, https:\/\/www.pomponradar.com\/wp-content\/uploads\/2020\/06\/page_11.jpg 1800w\" sizes=\"(max-width: 683px) 100vw, 683px\" \/><\/figure><\/div>\n\n\n\n<div class=\"wp-block-image\"><figure class=\"aligncenter\"><img decoding=\"async\" loading=\"lazy\" width=\"613\" height=\"919\" src=\"https:\/\/www.pomponradar.com\/wp-content\/uploads\/2020\/06\/page_26.jpg\" alt=\"\" class=\"wp-image-29\" srcset=\"https:\/\/www.pomponradar.com\/wp-content\/uploads\/2020\/06\/page_26.jpg 613w, https:\/\/www.pomponradar.com\/wp-content\/uploads\/2020\/06\/page_26-200x300.jpg 200w\" sizes=\"(max-width: 613px) 100vw, 613px\" \/><\/figure><\/div>\n\n\n\n<div class=\"wp-block-image\"><figure class=\"aligncenter\"><img decoding=\"async\" loading=\"lazy\" width=\"614\" height=\"920\" src=\"https:\/\/www.pomponradar.com\/wp-content\/uploads\/2020\/06\/page_27.jpg\" alt=\"\" class=\"wp-image-30\" srcset=\"https:\/\/www.pomponradar.com\/wp-content\/uploads\/2020\/06\/page_27.jpg 614w, https:\/\/www.pomponradar.com\/wp-content\/uploads\/2020\/06\/page_27-200x300.jpg 200w\" sizes=\"(max-width: 614px) 100vw, 614px\" \/><\/figure><\/div>\n\n\n\n<div class=\"wp-block-image\"><figure class=\"aligncenter\"><img decoding=\"async\" loading=\"lazy\" width=\"609\" height=\"919\" src=\"https:\/\/www.pomponradar.com\/wp-content\/uploads\/2020\/06\/page_40.jpg\" alt=\"\" class=\"wp-image-31\" srcset=\"https:\/\/www.pomponradar.com\/wp-content\/uploads\/2020\/06\/page_40.jpg 609w, https:\/\/www.pomponradar.com\/wp-content\/uploads\/2020\/06\/page_40-199x300.jpg 199w\" sizes=\"(max-width: 609px) 100vw, 609px\" \/><\/figure><\/div>\n\n\n\n<div class=\"wp-block-image\"><figure class=\"aligncenter\"><img decoding=\"async\" loading=\"lazy\" width=\"610\" height=\"923\" src=\"https:\/\/www.pomponradar.com\/wp-content\/uploads\/2020\/06\/page_42.jpg\" alt=\"\" class=\"wp-image-32\" srcset=\"https:\/\/www.pomponradar.com\/wp-content\/uploads\/2020\/06\/page_42.jpg 610w, https:\/\/www.pomponradar.com\/wp-content\/uploads\/2020\/06\/page_42-198x300.jpg 198w\" sizes=\"(max-width: 610px) 100vw, 610px\" \/><\/figure><\/div>\n\n\n\n<div class=\"wp-block-image\"><figure class=\"aligncenter\"><img decoding=\"async\" loading=\"lazy\" width=\"683\" height=\"1024\" src=\"https:\/\/www.pomponradar.com\/wp-content\/uploads\/2020\/06\/page_50-683x1024.jpg\" alt=\"\" class=\"wp-image-33\" srcset=\"https:\/\/www.pomponradar.com\/wp-content\/uploads\/2020\/06\/page_50-683x1024.jpg 683w, https:\/\/www.pomponradar.com\/wp-content\/uploads\/2020\/06\/page_50-200x300.jpg 200w, https:\/\/www.pomponradar.com\/wp-content\/uploads\/2020\/06\/page_50-768x1152.jpg 768w, https:\/\/www.pomponradar.com\/wp-content\/uploads\/2020\/06\/page_50-1568x2352.jpg 1568w, https:\/\/www.pomponradar.com\/wp-content\/uploads\/2020\/06\/page_50.jpg 1800w\" sizes=\"(max-width: 683px) 100vw, 683px\" \/><\/figure><\/div>\n\n\n\n<div class=\"wp-block-image\"><figure class=\"aligncenter\"><img decoding=\"async\" loading=\"lazy\" width=\"611\" height=\"919\" src=\"https:\/\/www.pomponradar.com\/wp-content\/uploads\/2020\/06\/page_78.jpg\" alt=\"\" class=\"wp-image-35\" srcset=\"https:\/\/www.pomponradar.com\/wp-content\/uploads\/2020\/06\/page_78.jpg 611w, https:\/\/www.pomponradar.com\/wp-content\/uploads\/2020\/06\/page_78-199x300.jpg 199w\" sizes=\"(max-width: 611px) 100vw, 611px\" \/><\/figure><\/div>\n\n\n\n<ul><li><span style=\"color:#00ff00\" class=\"has-inline-color\"><strong><em>CANADA<\/em>:<\/strong> <\/span><strong><a href=\"https:\/\/checkout.square.site\/merchant\/PZ653EEAY1YF9\/checkout\/7UMROSA5T4NAR3DWAWC3XSER\">Achat du livre pour exp\u00e9dition au Canada: $26.95 plus $6.00 pour les frais d&rsquo;exp\u00e9dition<\/a><\/strong><\/li><\/ul>\n\n\n\n<ul><li><strong><span style=\"color:#00ff00\" class=\"has-inline-color\"><em>INTERNATIONAL<\/em>: <\/span><a href=\"https:\/\/checkout.square.site\/merchant\/PZ653EEAY1YF9\/checkout\/FFCATA2NP56CBNCJZUQGJAP7\">Achat du livre pour exp\u00e9dition \u00e0 l&rsquo;international: $26.95 plus $14.00 pour les frais d&rsquo;exp\u00e9dition<\/a><\/strong><\/li><\/ul>\n\n\n\n<h3>Ou contactez-nous pour d&rsquo;autres options d&rsquo;achat.<\/h3>\n\n\n<div role=\"form\" class=\"wpcf7\" id=\"wpcf7-f12-o1\" lang=\"fr-FR\" dir=\"ltr\">\n<div class=\"screen-reader-response\" aria-live=\"polite\"><\/div>\n<form action=\"\/index.php\/wp-json\/wp\/v2\/pages\/57#wpcf7-f12-o1\" method=\"post\" class=\"wpcf7-form\" novalidate=\"novalidate\">\n<div style=\"display: none;\">\n<input type=\"hidden\" name=\"_wpcf7\" value=\"12\" \/>\n<input type=\"hidden\" name=\"_wpcf7_version\" value=\"5.1.9\" \/>\n<input type=\"hidden\" name=\"_wpcf7_locale\" value=\"fr_FR\" \/>\n<input type=\"hidden\" name=\"_wpcf7_unit_tag\" value=\"wpcf7-f12-o1\" \/>\n<input type=\"hidden\" name=\"_wpcf7_container_post\" value=\"0\" \/>\n<input type=\"hidden\" name=\"g-recaptcha-response\" value=\"\" \/>\n<\/div>\n<p><label> Votre nom (requis)<br \/>\n    <span class=\"wpcf7-form-control-wrap your-name\"><input type=\"text\" name=\"your-name\" value=\"\" size=\"40\" class=\"wpcf7-form-control wpcf7-text wpcf7-validates-as-required\" aria-required=\"true\" aria-invalid=\"false\" \/><\/span> <\/label><\/p>\n<p><label> Votre adresse courriel (requise)<br \/>\n    <span class=\"wpcf7-form-control-wrap your-email\"><input type=\"email\" name=\"your-email\" value=\"\" size=\"40\" class=\"wpcf7-form-control wpcf7-text wpcf7-email wpcf7-validates-as-required wpcf7-validates-as-email\" aria-required=\"true\" aria-invalid=\"false\" \/><\/span> <\/label><\/p>\n<p><label> Votre num\u00e9ro de t\u00e9l\u00e9phone <span class=\"wpcf7-form-control-wrap your-tel\"><input type=\"tel\" name=\"your-tel\" value=\"\" size=\"40\" class=\"wpcf7-form-control wpcf7-text wpcf7-tel wpcf7-validates-as-tel\" aria-invalid=\"false\" \/><\/span> <\/label><\/p>\n<p><label> Sujet<br \/>\n    <span class=\"wpcf7-form-control-wrap your-subject\"><input type=\"text\" name=\"your-subject\" value=\"\" size=\"40\" class=\"wpcf7-form-control wpcf7-text\" aria-invalid=\"false\" \/><\/span> <\/label><\/p>\n<p><label> Votre message<br \/>\n    <span class=\"wpcf7-form-control-wrap your-message\"><textarea name=\"your-message\" cols=\"40\" rows=\"10\" class=\"wpcf7-form-control wpcf7-textarea\" aria-invalid=\"false\"><\/textarea><\/span> <\/label><\/p>\n<p><input type=\"submit\" value=\"Envoyer\" class=\"wpcf7-form-control wpcf7-submit\" \/><\/p>\n<div class=\"wpcf7-response-output wpcf7-display-none\" aria-hidden=\"true\"><\/div><\/form><\/div>\n\n\n\n<p><a href=\"https:\/\/www.pomponradar.com\/wp-admin\">Administration<\/a><\/p>\n\n\n<p><!--EndFragment--><\/p>\n<p><\/p>","protected":false},"excerpt":{"rendered":"<p>Aider&nbsp; \u00ab&nbsp;Pompon radar&nbsp;\u00bb \u00e0 tirer profit de qui il est! Livre imag\u00e9 en vente maintenant! Achat en ligne du livre Pompon Radar Utilisez un des liens ci-dessous pour paiement par carte de cr\u00e9dit via Square: CANADA: Achat du livre pour exp\u00e9dition au Canada: $26.95 plus $6.00 pour les frais d&rsquo;exp\u00e9dition INTERNATIONAL: Achat du livre pour [&hellip;]<\/p>\n","protected":false},"author":1,"featured_media":0,"parent":0,"menu_order":0,"comment_status":"closed","ping_status":"closed","template":"","meta":[],"_links":{"self":[{"href":"https:\/\/www.pomponradar.com\/index.php\/wp-json\/wp\/v2\/pages\/57"}],"collection":[{"href":"https:\/\/www.pomponradar.com\/index.php\/wp-json\/wp\/v2\/pages"}],"about":[{"href":"https:\/\/www.pomponradar.com\/index.php\/wp-json\/wp\/v2\/types\/page"}],"author":[{"embeddable":true,"href":"https:\/\/www.pomponradar.com\/index.php\/wp-json\/wp\/v2\/users\/1"}],"replies":[{"embeddable":true,"href":"https:\/\/www.pomponradar.com\/index.php\/wp-json\/wp\/v2\/comments?post=57"}],"version-history":[{"count":10,"href":"https:\/\/www.pomponradar.com\/index.php\/wp-json\/wp\/v2\/pages\/57\/revisions"}],"predecessor-version":[{"id":200,"href":"https:\/\/www.pomponradar.com\/index.php\/wp-json\/wp\/v2\/pages\/57\/revisions\/200"}],"wp:attachment":[{"href":"https:\/\/www.pomponradar.com\/index.php\/wp-json\/wp\/v2\/media?parent=57"}],"curies":[{"name":"wp","href":"https:\/\/api.w.org\/{rel}","templated":true}]}}